{"id":2,"date":"2019-07-25T23:04:27","date_gmt":"2019-07-25T21:04:27","guid":{"rendered":"http:\/\/debaz.azzano.fr\/doudou-en-irlande\/?page_id=2"},"modified":"2023-05-10T05:13:20","modified_gmt":"2023-05-10T03:13:20","slug":"page-d-exemple","status":"publish","type":"page","link":"https:\/\/debaz.azzano.fr\/doudou-en-irlande\/","title":{"rendered":"Accueil"},"content":{"rendered":"\n<p> Bonjour \u00e0 tous !<\/p>\n\n\n\n<p>En route pour un nouveau voyage, direction l&rsquo;American dream ! La fr\u00e9quence de publications reste la m\u00eame, et on esp\u00e8re qu&rsquo;une tonne de visites fantastiques seront \u00e0 l&rsquo;ordre du jour. Vous aurez aussi un peu plus de nouvelles sur notre vie, en plus des voyages. <\/p>\n\n\n\n<p>Nous esp\u00e8rons que ce blog vous distraira, et que vous appr\u00e9cierez voyager avec nous !<\/p>\n\n\n\n<p>A tr\u00e8s bient\u00f4t !<\/p>\n","protected":false},"excerpt":{"rendered":"<p>Bonjour \u00e0 tous ! En route pour un nouveau voyage, direction l&rsquo;American dream ! La fr\u00e9quence de publications reste la m\u00eame, et on esp\u00e8re qu&rsquo;une tonne de visites fantastiques seront \u00e0 l&rsquo;ordre du jour. Vous aurez aussi un peu plus de nouvelles sur notre vie, en plus des voyages. Nous esp\u00e8rons que ce blog vous &hellip; <\/p>\n<p class=\"link-more\"><a href=\"https:\/\/debaz.azzano.fr\/doudou-en-irlande\/\" class=\"more-link\">Continuer la lecture<span class=\"screen-reader-text\"> de &laquo;&nbsp;Accueil&nbsp;&raquo;<\/span><\/a><\/p>\n","protected":false},"author":1,"featured_media":0,"parent":0,"menu_order":0,"comment_status":"closed","ping_status":"open","template":"","meta":[],"_links":{"self":[{"href":"https:\/\/debaz.azzano.fr\/doudou-en-irlande\/index.php\/wp-json\/wp\/v2\/pages\/2"}],"collection":[{"href":"https:\/\/debaz.azzano.fr\/doudou-en-irlande\/index.php\/wp-json\/wp\/v2\/pages"}],"about":[{"href":"https:\/\/debaz.azzano.fr\/doudou-en-irlande\/index.php\/wp-json\/wp\/v2\/types\/page"}],"author":[{"embeddable":true,"href":"https:\/\/debaz.azzano.fr\/doudou-en-irlande\/index.php\/wp-json\/wp\/v2\/users\/1"}],"replies":[{"embeddable":true,"href":"https:\/\/debaz.azzano.fr\/doudou-en-irlande\/index.php\/wp-json\/wp\/v2\/comments?post=2"}],"version-history":[{"count":4,"href":"https:\/\/debaz.azzano.fr\/doudou-en-irlande\/index.php\/wp-json\/wp\/v2\/pages\/2\/revisions"}],"predecessor-version":[{"id":2759,"href":"https:\/\/debaz.azzano.fr\/doudou-en-irlande\/index.php\/wp-json\/wp\/v2\/pages\/2\/revisions\/2759"}],"wp:attachment":[{"href":"https:\/\/debaz.azzano.fr\/doudou-en-irlande\/index.php\/wp-json\/wp\/v2\/media?parent=2"}],"curies":[{"name":"wp","href":"https:\/\/api.w.org\/{rel}","templated":true}]}}