{"id":20,"date":"2017-07-04T20:07:47","date_gmt":"2017-07-04T18:07:47","guid":{"rendered":"http:\/\/debaz.azzano.fr\/azzano\/?page_id=20"},"modified":"2020-11-21T19:01:40","modified_gmt":"2020-11-21T19:01:40","slug":"bienvenue","status":"publish","type":"page","link":"https:\/\/debaz.azzano.fr\/azzano\/","title":{"rendered":"Bienvenue"},"content":{"rendered":"<p>Welcome on my website !<\/p>\n<p>My name is Guilhem AZZANO, I&#8217;m currently working at Analog Devices Int. as an Apps engineer in the Vehicle electrification group.<\/p>\n<p>I have graduated from a master in electronic from CPE Lyon after studying a year in the Microtechnique\/robotic department at EPFL(Switzerland).<\/p>\n<p>Few DIY article are describing some of my previous project I participated in.<\/p>\n<p>Some posts may be reserved to my family and therefore password protected.<\/p>\n<p>If you need any information feel free to contact me.<\/p>\n<p>Bienvenue sur mon site !<\/p>\n<p>Je m&#8217;appelle Guilhem AZZANO et je travaille, a ce jour, \u00e0 Analog Devices Int. en tant qu\u2019ing\u00e9nieur application pour le groupe technologique &#8220;\u00e9lectrification des v\u00e9hicules&#8221;..<\/p>\n<p>Je suis dipl\u00f4m\u00e9 d&#8217;un Master en Electronique de CPE Lyon apr\u00e8s avoir \u00e9tudi\u00e9 un an \u00e0 l\u2019EPFL (Suisse) en section Micro technique, sp\u00e9cialisation Robotique.<\/p>\n<p>La majorit\u00e9 des articles sur ce site sont sur des projets que j&#8217;ai r\u00e9alis\u00e9s, les autres \u00e9tant r\u00e9serv\u00e9s et prot\u00e9g\u00e9s pour ma famille.<\/p>\n<p>Pour toutes questions, ou simplement pour discuter, n\u2019h\u00e9sitez pas a me contacter.<\/p>\n","protected":false},"excerpt":{"rendered":"<p>Welcome on my website ! My name is Guilhem AZZANO, I&#8217;m currently working at Analog Devices Int. as an Apps engineer in the Vehicle electrification group. I have graduated from a master in electronic from CPE Lyon after studying a year in the Microtechnique\/robotic department at EPFL(Switzerland). Few DIY article are describing some of my&hellip; <\/p>\n<p class=\"toivo-read-more\"><a href=\"https:\/\/debaz.azzano.fr\/azzano\/\" class=\"more-link\">Read more <span class=\"screen-reader-text\">Bienvenue<\/span><\/a><\/p>\n","protected":false},"author":1,"featured_media":0,"parent":0,"menu_order":0,"comment_status":"closed","ping_status":"closed","template":"pages\/front-page.php","meta":[],"_links":{"self":[{"href":"https:\/\/debaz.azzano.fr\/azzano\/wp-json\/wp\/v2\/pages\/20"}],"collection":[{"href":"https:\/\/debaz.azzano.fr\/azzano\/wp-json\/wp\/v2\/pages"}],"about":[{"href":"https:\/\/debaz.azzano.fr\/azzano\/wp-json\/wp\/v2\/types\/page"}],"author":[{"embeddable":true,"href":"https:\/\/debaz.azzano.fr\/azzano\/wp-json\/wp\/v2\/users\/1"}],"replies":[{"embeddable":true,"href":"https:\/\/debaz.azzano.fr\/azzano\/wp-json\/wp\/v2\/comments?post=20"}],"version-history":[{"count":13,"href":"https:\/\/debaz.azzano.fr\/azzano\/wp-json\/wp\/v2\/pages\/20\/revisions"}],"predecessor-version":[{"id":542,"href":"https:\/\/debaz.azzano.fr\/azzano\/wp-json\/wp\/v2\/pages\/20\/revisions\/542"}],"wp:attachment":[{"href":"https:\/\/debaz.azzano.fr\/azzano\/wp-json\/wp\/v2\/media?parent=20"}],"curies":[{"name":"wp","href":"https:\/\/api.w.org\/{rel}","templated":true}]}}